{"id":34,"date":"2025-09-06T19:44:05","date_gmt":"2025-09-06T19:44:05","guid":{"rendered":"http:\/\/lesartb.cluster021.hosting.ovh.net\/?page_id=34"},"modified":"2025-09-06T19:44:05","modified_gmt":"2025-09-06T19:44:05","slug":"atelier","status":"publish","type":"page","link":"https:\/\/www.lesartistesalpicois.com\/index.php\/atelier\/","title":{"rendered":"Atelier"},"content":{"rendered":"\n<p>Rejoignez l&rsquo;atelier libre les lundis apr\u00e8s-midi de 14h \u00e0 17h<\/p>\n\n\n\n<div class=\"wp-block-media-text has-media-on-the-right is-stacked-on-mobile\"><div class=\"wp-block-media-text__content\">\n<p><strong>Salle F\u00e9licien David<\/strong><\/p>\n\n\n\n<p>3, av. du Pavillon Sully, 78230 Le Pecq<\/p>\n<\/div><figure class=\"wp-block-media-text__media\"><img loading=\"lazy\" decoding=\"async\" width=\"480\" height=\"250\" src=\"http:\/\/lesartb.cluster021.hosting.ovh.net\/wp-content\/uploads\/2025\/09\/salle-felicien-david-pour-site-480x250-1.webp\" alt=\"\" class=\"wp-image-56 size-full\" srcset=\"https:\/\/www.lesartistesalpicois.com\/wp-content\/uploads\/2025\/09\/salle-felicien-david-pour-site-480x250-1.webp 480w, https:\/\/www.lesartistesalpicois.com\/wp-content\/uploads\/2025\/09\/salle-felicien-david-pour-site-480x250-1-300x156.webp 300w\" sizes=\"auto, (max-width: 480px) 100vw, 480px\" \/><\/figure><\/div>\n\n\n\n<p>Chaque lundi apr\u00e8s-midi, les membres se retrouvent pour un moment convivial autour de leur pratique artistique.<br>Cet atelier partag\u00e9 est l\u2019occasion de peindre, dessiner ou sculpter c\u00f4te \u00e0 c\u00f4te, d\u2019\u00e9changer des conseils, de partager des techniques et de progresser ensemble dans une ambiance d\u00e9tendue.<\/p>\n\n\n\n<p>Ouvert \u00e0 tous les adh\u00e9rents, il favorise la cr\u00e9ativit\u00e9 et l\u2019entraide, dans l\u2019esprit associatif des&nbsp;<strong>Artistes Alpicois<\/strong>.<\/p>\n\n\n\n<figure class=\"wp-block-image size-large\"><img loading=\"lazy\" decoding=\"async\" width=\"1024\" height=\"715\" src=\"http:\/\/lesartb.cluster021.hosting.ovh.net\/wp-content\/uploads\/2025\/09\/1-1024x715.jpg\" alt=\"\" class=\"wp-image-57\" srcset=\"https:\/\/www.lesartistesalpicois.com\/wp-content\/uploads\/2025\/09\/1-1024x715.jpg 1024w, https:\/\/www.lesartistesalpicois.com\/wp-content\/uploads\/2025\/09\/1-300x210.jpg 300w, https:\/\/www.lesartistesalpicois.com\/wp-content\/uploads\/2025\/09\/1-768x536.jpg 768w, https:\/\/www.lesartistesalpicois.com\/wp-content\/uploads\/2025\/09\/1-1170x817.jpg 1170w, https:\/\/www.lesartistesalpicois.com\/wp-content\/uploads\/2025\/09\/1.jpg 1200w\" sizes=\"auto, (max-width: 1024px) 100vw, 1024px\" \/><\/figure>\n","protected":false},"excerpt":{"rendered":"<p>Rejoignez l&rsquo;atelier libre les lundis apr\u00e8s-midi de 14h \u00e0 17h Salle F\u00e9licien David 3, av. du Pavillon Sully, 78230 Le Pecq Chaque lundi apr\u00e8s-midi, les membres se retrouvent pour un moment convivial autour de leur pratique artistique.Cet atelier partag\u00e9 est l\u2019occasion de peindre, dessiner ou sculpter c\u00f4te \u00e0 c\u00f4te, d\u2019\u00e9changer des conseils, de partager des [&hellip;]<\/p>\n","protected":false},"author":1,"featured_media":0,"parent":0,"menu_order":0,"comment_status":"closed","ping_status":"closed","template":"","meta":{"footnotes":""},"class_list":["post-34","page","type-page","status-publish","hentry"],"_links":{"self":[{"href":"https:\/\/www.lesartistesalpicois.com\/index.php\/wp-json\/wp\/v2\/pages\/34","targetHints":{"allow":["GET"]}}],"collection":[{"href":"https:\/\/www.lesartistesalpicois.com\/index.php\/wp-json\/wp\/v2\/pages"}],"about":[{"href":"https:\/\/www.lesartistesalpicois.com\/index.php\/wp-json\/wp\/v2\/types\/page"}],"author":[{"embeddable":true,"href":"https:\/\/www.lesartistesalpicois.com\/index.php\/wp-json\/wp\/v2\/users\/1"}],"replies":[{"embeddable":true,"href":"https:\/\/www.lesartistesalpicois.com\/index.php\/wp-json\/wp\/v2\/comments?post=34"}],"version-history":[{"count":1,"href":"https:\/\/www.lesartistesalpicois.com\/index.php\/wp-json\/wp\/v2\/pages\/34\/revisions"}],"predecessor-version":[{"id":58,"href":"https:\/\/www.lesartistesalpicois.com\/index.php\/wp-json\/wp\/v2\/pages\/34\/revisions\/58"}],"wp:attachment":[{"href":"https:\/\/www.lesartistesalpicois.com\/index.php\/wp-json\/wp\/v2\/media?parent=34"}],"curies":[{"name":"wp","href":"https:\/\/api.w.org\/{rel}","templated":true}]}}