{"id":27,"date":"2025-09-06T07:48:45","date_gmt":"2025-09-06T07:48:45","guid":{"rendered":"http:\/\/lesartb.cluster021.hosting.ovh.net\/?page_id=27"},"modified":"2026-03-20T12:59:53","modified_gmt":"2026-03-20T11:59:53","slug":"page-salon","status":"publish","type":"page","link":"https:\/\/www.lesartistesalpicois.com\/index.php\/page-salon\/","title":{"rendered":"Salon"},"content":{"rendered":"\n<div class=\"wp-block-group alignfull is-layout-flow wp-container-core-group-is-layout-dc35bc7e wp-block-group-is-layout-flow\" style=\"margin-top:0;margin-bottom:0\">\n<div class=\"wp-block-cover alignfull has-custom-content-position is-position-bottom-center is-style-default\" style=\"padding-top:60px;padding-right:var(--wp--preset--spacing--50);padding-bottom:60px;padding-left:var(--wp--preset--spacing--50)\"><img loading=\"lazy\" decoding=\"async\" width=\"1024\" height=\"293\" class=\"wp-block-cover__image-background wp-image-17 size-large\" alt=\"\" src=\"http:\/\/lesartb.cluster021.hosting.ovh.net\/wp-content\/uploads\/2025\/09\/9ffca3_a58d492d9e2a4c27ad99fe9b0b9cd791mv2-1024x293.jpeg\" data-object-fit=\"cover\" srcset=\"https:\/\/www.lesartistesalpicois.com\/wp-content\/uploads\/2025\/09\/9ffca3_a58d492d9e2a4c27ad99fe9b0b9cd791mv2-1024x293.jpeg 1024w, https:\/\/www.lesartistesalpicois.com\/wp-content\/uploads\/2025\/09\/9ffca3_a58d492d9e2a4c27ad99fe9b0b9cd791mv2-300x86.jpeg 300w, https:\/\/www.lesartistesalpicois.com\/wp-content\/uploads\/2025\/09\/9ffca3_a58d492d9e2a4c27ad99fe9b0b9cd791mv2-768x220.jpeg 768w, https:\/\/www.lesartistesalpicois.com\/wp-content\/uploads\/2025\/09\/9ffca3_a58d492d9e2a4c27ad99fe9b0b9cd791mv2-1536x440.jpeg 1536w, https:\/\/www.lesartistesalpicois.com\/wp-content\/uploads\/2025\/09\/9ffca3_a58d492d9e2a4c27ad99fe9b0b9cd791mv2-1170x335.jpeg 1170w, https:\/\/www.lesartistesalpicois.com\/wp-content\/uploads\/2025\/09\/9ffca3_a58d492d9e2a4c27ad99fe9b0b9cd791mv2.jpeg 1628w\" sizes=\"auto, (max-width: 1024px) 100vw, 1024px\" \/><span aria-hidden=\"true\" class=\"wp-block-cover__background has-dark-background-color has-background-dim\"><\/span><div class=\"wp-block-cover__inner-container is-layout-constrained wp-container-core-cover-is-layout-d8f69cee wp-block-cover-is-layout-constrained\">\n<div class=\"wp-block-group is-content-justification-left is-layout-constrained wp-container-core-group-is-layout-9e821045 wp-block-group-is-layout-constrained\">\n<h1 class=\"wp-block-heading has-x-large-font-size\"><strong><mark style=\"background-color:rgba(0, 0, 0, 0)\" class=\"has-inline-color has-background-color\">SALON DES ARTS<\/mark><\/strong><\/h1>\n\n\n\n<p class=\"has-light-color has-text-color has-link-color has-lead-font-size wp-elements-0654b7f89ae4b6116ecd185271d83031\">Le Salon Des Arts du Pecq \u00e0 lieu chaque ann\u00e9e aux alentours du mois de Mai.<\/p>\n<\/div>\n<\/div><\/div>\n\n\n\n<div class=\"wp-block-buttons is-content-justification-center is-layout-flex wp-container-core-buttons-is-layout-a89b3969 wp-block-buttons-is-layout-flex\">\n<div class=\"wp-block-button is-style-fill\"><a class=\"wp-block-button__link has-text-light-background-color has-background has-border-color has-text-align-center wp-element-button\" href=\"https:\/\/www.lesartistesalpicois.com\/index.php\/inscription-au-salon\/\" style=\"border-color:#ffffff;border-top-left-radius:16px;border-top-right-radius:16px;border-bottom-left-radius:16px;border-bottom-right-radius:16px\">INSCRIPTION AU SALON 2026<\/a><\/div>\n<\/div>\n\n\n\n<div class=\"wp-block-group has-background-light-background-color has-background is-layout-constrained wp-container-core-group-is-layout-8e767831 wp-block-group-is-layout-constrained\" style=\"padding-top:120px;padding-right:var(--wp--preset--spacing--50);padding-bottom:120px;padding-left:var(--wp--preset--spacing--50)\">\n<div class=\"wp-block-columns is-layout-flex wp-container-core-columns-is-layout-091d26f2 wp-block-columns-is-layout-flex\">\n<div class=\"wp-block-column is-layout-flow wp-block-column-is-layout-flow\" style=\"flex-basis:46%\">\n<div class=\"wp-block-group is-vertical is-layout-flex wp-container-core-group-is-layout-0bc941e6 wp-block-group-is-layout-flex\" style=\"min-height:100%\">\n<div class=\"wp-block-group is-layout-constrained wp-block-group-is-layout-constrained\">\n<h2 class=\"wp-block-heading\"><mark style=\"background-color:rgba(0, 0, 0, 0)\" class=\"has-inline-color has-foreground-color\">Le&nbsp;<strong>Salon des Arts du Pecq<\/strong>&nbsp;est un rendez-vous incontournable pour les amateurs et passionn\u00e9s de cr\u00e9ation. Chaque ann\u00e9e, peintres, sculpteurs et photographes pr\u00e9sentent leurs \u0153uvres dans une ambiance conviviale et ouverte \u00e0 tous.<\/mark><br><mark style=\"background-color:rgba(0, 0, 0, 0)\" class=\"has-inline-color has-foreground-color\">Organis\u00e9 avec le soutien de la ville, ce salon met en lumi\u00e8re la richesse artistique locale et offre aux visiteurs l\u2019occasion de rencontrer les artistes, d\u2019\u00e9changer et de d\u00e9couvrir des univers vari\u00e9s.<\/mark><\/h2>\n\n\n\n<p><mark style=\"background-color:rgba(0, 0, 0, 0)\" class=\"has-inline-color has-foreground-color\">V\u00e9ritable vitrine de la cr\u00e9ativit\u00e9, le Salon des Arts du Pecq refl\u00e8te la diversit\u00e9 et le dynamisme culturel de notre r\u00e9gion.<\/mark><\/p>\n\n\n\n<p style=\"font-size:1.25rem\"><\/p>\n<\/div>\n<\/div>\n<\/div>\n\n\n\n<div class=\"wp-block-column is-layout-flow wp-block-column-is-layout-flow\" style=\"flex-basis:54%\">\n<figure class=\"wp-block-image aligncenter size-full has-custom-border\"><img loading=\"lazy\" decoding=\"async\" width=\"1200\" height=\"1600\" src=\"https:\/\/www.lesartistesalpicois.com\/wp-content\/uploads\/2025\/09\/WhatsApp-Image-2025-06-03-at-08.26.52-1.jpeg\" alt=\"\" class=\"wp-image-28\" style=\"border-radius:10px\" srcset=\"https:\/\/www.lesartistesalpicois.com\/wp-content\/uploads\/2025\/09\/WhatsApp-Image-2025-06-03-at-08.26.52-1.jpeg 1200w, https:\/\/www.lesartistesalpicois.com\/wp-content\/uploads\/2025\/09\/WhatsApp-Image-2025-06-03-at-08.26.52-1-225x300.jpeg 225w, https:\/\/www.lesartistesalpicois.com\/wp-content\/uploads\/2025\/09\/WhatsApp-Image-2025-06-03-at-08.26.52-1-768x1024.jpeg 768w, https:\/\/www.lesartistesalpicois.com\/wp-content\/uploads\/2025\/09\/WhatsApp-Image-2025-06-03-at-08.26.52-1-1152x1536.jpeg 1152w, https:\/\/www.lesartistesalpicois.com\/wp-content\/uploads\/2025\/09\/WhatsApp-Image-2025-06-03-at-08.26.52-1-1170x1560.jpeg 1170w\" sizes=\"auto, (max-width: 1200px) 100vw, 1200px\" \/><\/figure>\n<\/div>\n<\/div>\n<\/div>\n\n\n\n<figure class=\"wp-block-gallery has-nested-images columns-default is-cropped wp-block-gallery-1 is-layout-flex wp-block-gallery-is-layout-flex\">\n<figure class=\"wp-block-image size-large\"><img loading=\"lazy\" decoding=\"async\" width=\"683\" height=\"1024\" data-id=\"475\" src=\"https:\/\/www.lesartistesalpicois.com\/wp-content\/uploads\/2025\/09\/Affiche-47e-Salon-du-Pecq-2026-683x1024.jpg\" alt=\"\" class=\"wp-image-475\" srcset=\"https:\/\/www.lesartistesalpicois.com\/wp-content\/uploads\/2025\/09\/Affiche-47e-Salon-du-Pecq-2026-683x1024.jpg 683w, https:\/\/www.lesartistesalpicois.com\/wp-content\/uploads\/2025\/09\/Affiche-47e-Salon-du-Pecq-2026-200x300.jpg 200w, https:\/\/www.lesartistesalpicois.com\/wp-content\/uploads\/2025\/09\/Affiche-47e-Salon-du-Pecq-2026-768x1152.jpg 768w, https:\/\/www.lesartistesalpicois.com\/wp-content\/uploads\/2025\/09\/Affiche-47e-Salon-du-Pecq-2026-1024x1536.jpg 1024w, https:\/\/www.lesartistesalpicois.com\/wp-content\/uploads\/2025\/09\/Affiche-47e-Salon-du-Pecq-2026-scaled.jpg 1707w\" sizes=\"auto, (max-width: 683px) 100vw, 683px\" \/><\/figure>\n\n\n\n<figure class=\"wp-block-image size-large\"><img loading=\"lazy\" decoding=\"async\" width=\"724\" height=\"1024\" data-id=\"11\" src=\"http:\/\/lesartb.cluster021.hosting.ovh.net\/wp-content\/uploads\/2025\/09\/Affiches-A4-724x1024.jpg\" alt=\"\" class=\"wp-image-11\" srcset=\"https:\/\/www.lesartistesalpicois.com\/wp-content\/uploads\/2025\/09\/Affiches-A4-724x1024.jpg 724w, https:\/\/www.lesartistesalpicois.com\/wp-content\/uploads\/2025\/09\/Affiches-A4-212x300.jpg 212w, https:\/\/www.lesartistesalpicois.com\/wp-content\/uploads\/2025\/09\/Affiches-A4-768x1086.jpg 768w, https:\/\/www.lesartistesalpicois.com\/wp-content\/uploads\/2025\/09\/Affiches-A4-1086x1536.jpg 1086w, https:\/\/www.lesartistesalpicois.com\/wp-content\/uploads\/2025\/09\/Affiches-A4-1448x2048.jpg 1448w, https:\/\/www.lesartistesalpicois.com\/wp-content\/uploads\/2025\/09\/Affiches-A4-1170x1655.jpg 1170w, https:\/\/www.lesartistesalpicois.com\/wp-content\/uploads\/2025\/09\/Affiches-A4.jpg 1653w\" sizes=\"auto, (max-width: 724px) 100vw, 724px\" \/><\/figure>\n\n\n\n<figure class=\"wp-block-image size-large\"><img loading=\"lazy\" decoding=\"async\" width=\"728\" height=\"1024\" data-id=\"9\" src=\"http:\/\/lesartb.cluster021.hosting.ovh.net\/wp-content\/uploads\/2025\/09\/AFFICHE-728x1024.jpg\" alt=\"\" class=\"wp-image-9\" srcset=\"https:\/\/www.lesartistesalpicois.com\/wp-content\/uploads\/2025\/09\/AFFICHE-728x1024.jpg 728w, https:\/\/www.lesartistesalpicois.com\/wp-content\/uploads\/2025\/09\/AFFICHE-213x300.jpg 213w, https:\/\/www.lesartistesalpicois.com\/wp-content\/uploads\/2025\/09\/AFFICHE-768x1081.jpg 768w, https:\/\/www.lesartistesalpicois.com\/wp-content\/uploads\/2025\/09\/AFFICHE.jpg 1080w\" sizes=\"auto, (max-width: 728px) 100vw, 728px\" \/><\/figure>\n\n\n\n<figure class=\"wp-block-image size-large\"><img loading=\"lazy\" decoding=\"async\" width=\"374\" height=\"549\" data-id=\"30\" src=\"http:\/\/lesartb.cluster021.hosting.ovh.net\/wp-content\/uploads\/2025\/09\/abde99_e4cb6ab9fbc140d69d95cd86233e11cemv2.jpg\" alt=\"\" class=\"wp-image-30\" srcset=\"https:\/\/www.lesartistesalpicois.com\/wp-content\/uploads\/2025\/09\/abde99_e4cb6ab9fbc140d69d95cd86233e11cemv2.jpg 374w, https:\/\/www.lesartistesalpicois.com\/wp-content\/uploads\/2025\/09\/abde99_e4cb6ab9fbc140d69d95cd86233e11cemv2-204x300.jpg 204w\" sizes=\"auto, (max-width: 374px) 100vw, 374px\" \/><\/figure>\n\n\n\n<figure class=\"wp-block-image size-large\"><img loading=\"lazy\" decoding=\"async\" width=\"769\" height=\"1024\" data-id=\"31\" src=\"http:\/\/lesartb.cluster021.hosting.ovh.net\/wp-content\/uploads\/2025\/09\/abde99_c292d04e71a941028c967b9aac150eeamv2-769x1024.png\" alt=\"\" class=\"wp-image-31\" srcset=\"https:\/\/www.lesartistesalpicois.com\/wp-content\/uploads\/2025\/09\/abde99_c292d04e71a941028c967b9aac150eeamv2-769x1024.png 769w, https:\/\/www.lesartistesalpicois.com\/wp-content\/uploads\/2025\/09\/abde99_c292d04e71a941028c967b9aac150eeamv2-225x300.png 225w, https:\/\/www.lesartistesalpicois.com\/wp-content\/uploads\/2025\/09\/abde99_c292d04e71a941028c967b9aac150eeamv2-768x1023.png 768w, https:\/\/www.lesartistesalpicois.com\/wp-content\/uploads\/2025\/09\/abde99_c292d04e71a941028c967b9aac150eeamv2-1153x1536.png 1153w, https:\/\/www.lesartistesalpicois.com\/wp-content\/uploads\/2025\/09\/abde99_c292d04e71a941028c967b9aac150eeamv2-1170x1558.png 1170w, https:\/\/www.lesartistesalpicois.com\/wp-content\/uploads\/2025\/09\/abde99_c292d04e71a941028c967b9aac150eeamv2.png 1200w\" sizes=\"auto, (max-width: 769px) 100vw, 769px\" \/><\/figure>\n\n\n\n<figure class=\"wp-block-image size-large\"><img loading=\"lazy\" decoding=\"async\" width=\"683\" height=\"1024\" data-id=\"46\" src=\"http:\/\/lesartb.cluster021.hosting.ovh.net\/wp-content\/uploads\/2025\/09\/Affiche-2020-683x1024.jpg\" alt=\"\" class=\"wp-image-46\" srcset=\"https:\/\/www.lesartistesalpicois.com\/wp-content\/uploads\/2025\/09\/Affiche-2020-683x1024.jpg 683w, https:\/\/www.lesartistesalpicois.com\/wp-content\/uploads\/2025\/09\/Affiche-2020-200x300.jpg 200w, https:\/\/www.lesartistesalpicois.com\/wp-content\/uploads\/2025\/09\/Affiche-2020-768x1152.jpg 768w, https:\/\/www.lesartistesalpicois.com\/wp-content\/uploads\/2025\/09\/Affiche-2020-1024x1536.jpg 1024w, https:\/\/www.lesartistesalpicois.com\/wp-content\/uploads\/2025\/09\/Affiche-2020-1365x2048.jpg 1365w, https:\/\/www.lesartistesalpicois.com\/wp-content\/uploads\/2025\/09\/Affiche-2020-1170x1755.jpg 1170w, https:\/\/www.lesartistesalpicois.com\/wp-content\/uploads\/2025\/09\/Affiche-2020-scaled.jpg 1706w\" sizes=\"auto, (max-width: 683px) 100vw, 683px\" \/><\/figure>\n\n\n\n<figure class=\"wp-block-image size-large\"><img loading=\"lazy\" decoding=\"async\" width=\"731\" height=\"1024\" data-id=\"47\" src=\"http:\/\/lesartb.cluster021.hosting.ovh.net\/wp-content\/uploads\/2025\/09\/Affiche-2019-731x1024.jpg\" alt=\"\" class=\"wp-image-47\" srcset=\"https:\/\/www.lesartistesalpicois.com\/wp-content\/uploads\/2025\/09\/Affiche-2019-731x1024.jpg 731w, https:\/\/www.lesartistesalpicois.com\/wp-content\/uploads\/2025\/09\/Affiche-2019-214x300.jpg 214w, https:\/\/www.lesartistesalpicois.com\/wp-content\/uploads\/2025\/09\/Affiche-2019-768x1075.jpg 768w, https:\/\/www.lesartistesalpicois.com\/wp-content\/uploads\/2025\/09\/Affiche-2019-1097x1536.jpg 1097w, https:\/\/www.lesartistesalpicois.com\/wp-content\/uploads\/2025\/09\/Affiche-2019-1463x2048.jpg 1463w, https:\/\/www.lesartistesalpicois.com\/wp-content\/uploads\/2025\/09\/Affiche-2019-1170x1638.jpg 1170w, https:\/\/www.lesartistesalpicois.com\/wp-content\/uploads\/2025\/09\/Affiche-2019-scaled.jpg 1828w\" sizes=\"auto, (max-width: 731px) 100vw, 731px\" \/><\/figure>\n\n\n\n<figure class=\"wp-block-image size-large\"><img loading=\"lazy\" decoding=\"async\" width=\"724\" height=\"1024\" data-id=\"48\" src=\"http:\/\/lesartb.cluster021.hosting.ovh.net\/wp-content\/uploads\/2025\/09\/Affiche-2018-724x1024.jpg\" alt=\"\" class=\"wp-image-48\" srcset=\"https:\/\/www.lesartistesalpicois.com\/wp-content\/uploads\/2025\/09\/Affiche-2018-724x1024.jpg 724w, https:\/\/www.lesartistesalpicois.com\/wp-content\/uploads\/2025\/09\/Affiche-2018-212x300.jpg 212w, https:\/\/www.lesartistesalpicois.com\/wp-content\/uploads\/2025\/09\/Affiche-2018-768x1086.jpg 768w, https:\/\/www.lesartistesalpicois.com\/wp-content\/uploads\/2025\/09\/Affiche-2018-1086x1536.jpg 1086w, https:\/\/www.lesartistesalpicois.com\/wp-content\/uploads\/2025\/09\/Affiche-2018-1448x2048.jpg 1448w, https:\/\/www.lesartistesalpicois.com\/wp-content\/uploads\/2025\/09\/Affiche-2018-1170x1655.jpg 1170w, https:\/\/www.lesartistesalpicois.com\/wp-content\/uploads\/2025\/09\/Affiche-2018-scaled.jpg 1810w\" sizes=\"auto, (max-width: 724px) 100vw, 724px\" \/><\/figure>\n\n\n\n<figure class=\"wp-block-image size-large\"><img loading=\"lazy\" decoding=\"async\" width=\"724\" height=\"1024\" data-id=\"49\" src=\"http:\/\/lesartb.cluster021.hosting.ovh.net\/wp-content\/uploads\/2025\/09\/Affiche-2017-1-724x1024.jpg\" alt=\"\" class=\"wp-image-49\" srcset=\"https:\/\/www.lesartistesalpicois.com\/wp-content\/uploads\/2025\/09\/Affiche-2017-1-724x1024.jpg 724w, https:\/\/www.lesartistesalpicois.com\/wp-content\/uploads\/2025\/09\/Affiche-2017-1-212x300.jpg 212w, https:\/\/www.lesartistesalpicois.com\/wp-content\/uploads\/2025\/09\/Affiche-2017-1-768x1086.jpg 768w, https:\/\/www.lesartistesalpicois.com\/wp-content\/uploads\/2025\/09\/Affiche-2017-1-1086x1536.jpg 1086w, https:\/\/www.lesartistesalpicois.com\/wp-content\/uploads\/2025\/09\/Affiche-2017-1-1448x2048.jpg 1448w, https:\/\/www.lesartistesalpicois.com\/wp-content\/uploads\/2025\/09\/Affiche-2017-1-1170x1655.jpg 1170w, https:\/\/www.lesartistesalpicois.com\/wp-content\/uploads\/2025\/09\/Affiche-2017-1-scaled.jpg 1810w\" sizes=\"auto, (max-width: 724px) 100vw, 724px\" \/><\/figure>\n\n\n<\/figure>\n\n\n\n<div class=\"wp-block-group has-background-light-background-color has-background is-layout-constrained wp-container-core-group-is-layout-5f01c1e7 wp-block-group-is-layout-constrained\" style=\"margin-top:0;padding-top:120px;padding-right:var(--wp--preset--spacing--50);padding-bottom:120px;padding-left:var(--wp--preset--spacing--50)\">\n<div class=\"wp-block-columns is-layout-flex wp-container-core-columns-is-layout-cf05694f wp-block-columns-is-layout-flex\">\n<div class=\"wp-block-column is-layout-flow wp-block-column-is-layout-flow\" style=\"flex-basis:45%\">\n<div class=\"wp-block-group is-layout-constrained wp-block-group-is-layout-constrained wp-container-2 is-position-sticky\" style=\"margin-bottom:var(--wp--preset--spacing--60)\">\n<h2 class=\"wp-block-heading has-medium-large-font-size\"><mark style=\"background-color:rgba(0, 0, 0, 0)\" class=\"has-inline-color has-foreground-color\">Lieux :<\/mark><\/h2>\n\n\n\n<p class=\"has-foreground-color has-text-color has-link-color has-lead-font-size wp-elements-276ea42a804f1207855c8f35250f67b6\"><strong>P\u00f4le Associatif Wilson<\/strong>, 6 av. de la Paix, 78230 Le Pecq<\/p>\n\n\n\n<p>P\u00f4le Wilson<\/p>\n<\/div>\n<\/div>\n\n\n\n<div class=\"wp-block-column is-layout-flow wp-block-column-is-layout-flow\" style=\"flex-basis:55%\">\n<div class=\"wp-block-group is-layout-grid wp-container-core-group-is-layout-478b6e6b wp-block-group-is-layout-grid\">\n<figure class=\"wp-block-image size-full has-custom-border\"><img loading=\"lazy\" decoding=\"async\" width=\"1770\" height=\"975\" src=\"https:\/\/www.lesartistesalpicois.com\/wp-content\/uploads\/2026\/03\/Pole-Wilson-ext.jpg\" alt=\"\" class=\"wp-image-479\" style=\"border-radius:10px\" srcset=\"https:\/\/www.lesartistesalpicois.com\/wp-content\/uploads\/2026\/03\/Pole-Wilson-ext.jpg 1770w, https:\/\/www.lesartistesalpicois.com\/wp-content\/uploads\/2026\/03\/Pole-Wilson-ext-300x165.jpg 300w, https:\/\/www.lesartistesalpicois.com\/wp-content\/uploads\/2026\/03\/Pole-Wilson-ext-1024x564.jpg 1024w, https:\/\/www.lesartistesalpicois.com\/wp-content\/uploads\/2026\/03\/Pole-Wilson-ext-768x423.jpg 768w, https:\/\/www.lesartistesalpicois.com\/wp-content\/uploads\/2026\/03\/Pole-Wilson-ext-1536x846.jpg 1536w, https:\/\/www.lesartistesalpicois.com\/wp-content\/uploads\/2026\/03\/Pole-Wilson-ext-1170x644.jpg 1170w\" sizes=\"auto, (max-width: 1770px) 100vw, 1770px\" \/><\/figure>\n\n\n\n<figure class=\"wp-block-image size-full has-custom-border\"><img decoding=\"async\" src=\"http:\/\/lesartb.cluster021.hosting.ovh.net\/wp-content\/themes\/ona\/assets\/img\/studio\/cta_promo_2.webp\" alt=\"cta_promo_2\" class=\"wp-image-469\" style=\"border-radius:10px\"\/><\/figure>\n\n\n\n<figure class=\"wp-block-image size-large has-custom-border wp-container-content-e29552f7\"><img decoding=\"async\" src=\"http:\/\/lesartb.cluster021.hosting.ovh.net\/wp-content\/themes\/ona\/assets\/img\/studio\/cta_promo_3.webp\" alt=\"cta_promo_3\" class=\"wp-image-470\" style=\"border-radius:10px\"\/><\/figure>\n<\/div>\n<\/div>\n<\/div>\n<\/div>\n<\/div>\n","protected":false},"excerpt":{"rendered":"<p>Le&nbsp;Salon des Arts du Pecq&nbsp;est un rendez-vous incontournable pour les amateurs et passionn\u00e9s de cr\u00e9ation. Chaque ann\u00e9e, peintres, sculpteurs et photographes pr\u00e9sentent leurs \u0153uvres dans une ambiance conviviale et ouverte \u00e0 tous.Organis\u00e9 avec le soutien de la ville, ce salon met en lumi\u00e8re la richesse artistique locale et offre aux visiteurs l\u2019occasion de rencontrer les [&hellip;]<\/p>\n","protected":false},"author":1,"featured_media":0,"parent":0,"menu_order":0,"comment_status":"closed","ping_status":"closed","template":"","meta":{"footnotes":""},"class_list":["post-27","page","type-page","status-publish","hentry"],"_links":{"self":[{"href":"https:\/\/www.lesartistesalpicois.com\/index.php\/wp-json\/wp\/v2\/pages\/27","targetHints":{"allow":["GET"]}}],"collection":[{"href":"https:\/\/www.lesartistesalpicois.com\/index.php\/wp-json\/wp\/v2\/pages"}],"about":[{"href":"https:\/\/www.lesartistesalpicois.com\/index.php\/wp-json\/wp\/v2\/types\/page"}],"author":[{"embeddable":true,"href":"https:\/\/www.lesartistesalpicois.com\/index.php\/wp-json\/wp\/v2\/users\/1"}],"replies":[{"embeddable":true,"href":"https:\/\/www.lesartistesalpicois.com\/index.php\/wp-json\/wp\/v2\/comments?post=27"}],"version-history":[{"count":20,"href":"https:\/\/www.lesartistesalpicois.com\/index.php\/wp-json\/wp\/v2\/pages\/27\/revisions"}],"predecessor-version":[{"id":482,"href":"https:\/\/www.lesartistesalpicois.com\/index.php\/wp-json\/wp\/v2\/pages\/27\/revisions\/482"}],"wp:attachment":[{"href":"https:\/\/www.lesartistesalpicois.com\/index.php\/wp-json\/wp\/v2\/media?parent=27"}],"curies":[{"name":"wp","href":"https:\/\/api.w.org\/{rel}","templated":true}]}}